{"id":8,"date":"2019-02-14T23:40:11","date_gmt":"2019-02-14T23:40:11","guid":{"rendered":"https:\/\/mouvementdj.com\/?page_id=8"},"modified":"2019-02-15T16:01:01","modified_gmt":"2019-02-15T16:01:01","slug":"accueil","status":"publish","type":"page","link":"https:\/\/mouvementdj.com\/","title":{"rendered":"MouvementDJ !"},"content":{"rendered":"\n<figure class=\"wp-block-image\"><img loading=\"lazy\" width=\"693\" height=\"835\" src=\"https:\/\/mouvementdj.com\/wp-content\/uploads\/2019\/02\/tract-e1550246193619.png\" alt=\"Tract Mouvement DJ.\" class=\"wp-image-19\" srcset=\"https:\/\/mouvementdj.com\/wp-content\/uploads\/2019\/02\/tract-e1550246193619.png 693w, https:\/\/mouvementdj.com\/wp-content\/uploads\/2019\/02\/tract-e1550246193619-249x300.png 249w\" sizes=\"(max-width: 693px) 100vw, 693px\" \/><\/figure>\n\n\n\n<figure class=\"wp-block-image\"><img loading=\"lazy\" width=\"716\" height=\"125\" src=\"https:\/\/mouvementdj.com\/wp-content\/uploads\/2019\/02\/entete.png\" alt=\"\" class=\"wp-image-14\" srcset=\"https:\/\/mouvementdj.com\/wp-content\/uploads\/2019\/02\/entete.png 716w, https:\/\/mouvementdj.com\/wp-content\/uploads\/2019\/02\/entete-300x52.png 300w\" sizes=\"(max-width: 716px) 100vw, 716px\" \/><\/figure>\n\n\n\n<p style=\"text-align:center\">Nous sommes le Mouvement DJ, une \u00e9quipe de DJ professionnels qui vous propose &#8211; rien de moins &#8211; que de faire de votre \u00e9v\u00e9nement une r\u00e9ussite absolue, et ce, en alliant notre passion des tables tournantes \u00e0 l\u2019amour que nous portons  \u00e0 la langue fran\u00e7aise.<br> Lorsque confi\u00e9s \u00e0 nos bons soins, vos convives auront acc\u00e8s tant \u00e0 des rythmes qui correspondent aux derni\u00e8res tendances, qu\u2019\u00e0 des d\u00e9couvertes enivrantes issues des richesses  de la francophonie.<\/p>\n\n\n\n<p style=\"text-align:center\"><br> Nos banques musicales, enti\u00e8rement constitu\u00e9es de pi\u00e8ces diversifi\u00e9es en fran\u00e7ais, nous permettent d\u2019\u00eatre parfaitement outill\u00e9s afin de cr\u00e9er l\u2019ambiance que vous souhaitez.<\/p>\n\n\n\n<hr class=\"wp-block-separator is-style-wide\"\/>\n\n\n\n<p style=\"color:#a30000;text-align:center\" class=\"has-text-color\">Le Mouvement DJ est un projet issu d\u2019une collaboration  entre le Mouvement Qu\u00e9bec fran\u00e7ais et le gouvernement  du Qu\u00e9bec.<\/p>\n\n\n\n<hr class=\"wp-block-separator is-style-wide\"\/>\n\n\n\n<p style=\"text-align:center\"><strong><em>Pour r\u00e9servation :  Appelez au (514) 516-7650<\/em><\/strong><\/p>\n\n\n\n<div class=\"wp-block-image\"><figure class=\"aligncenter\"><img loading=\"lazy\" width=\"148\" height=\"118\" src=\"https:\/\/mouvementdj.com\/wp-content\/uploads\/2019\/02\/MQF-gouv.png\" alt=\"Signature MQF\" class=\"wp-image-18\"\/><\/figure><\/div>\n","protected":false},"excerpt":{"rendered":"<p>Nous sommes le Mouvement DJ, une \u00e9quipe de DJ professionnels qui vous propose &#8211; rien de moins &#8211; que de faire de votre \u00e9v\u00e9nement une r\u00e9ussite absolue, et ce, en alliant notre passion des tables tournantes \u00e0 l\u2019amour que nous portons \u00e0 la langue fran\u00e7aise. Lorsque confi\u00e9s \u00e0 nos bons soins, vos convives auront acc\u00e8s &hellip; <\/p>\n<p class=\"link-more\"><a href=\"https:\/\/mouvementdj.com\/\" class=\"more-link\">Continuer la lecture<span class=\"screen-reader-text\"> de &laquo; MouvementDJ ! &raquo;<\/span><\/a><\/p>\n","protected":false},"author":1,"featured_media":17,"parent":0,"menu_order":0,"comment_status":"closed","ping_status":"closed","template":"","meta":[],"_links":{"self":[{"href":"https:\/\/mouvementdj.com\/index.php?rest_route=\/wp\/v2\/pages\/8"}],"collection":[{"href":"https:\/\/mouvementdj.com\/index.php?rest_route=\/wp\/v2\/pages"}],"about":[{"href":"https:\/\/mouvementdj.com\/index.php?rest_route=\/wp\/v2\/types\/page"}],"author":[{"embeddable":true,"href":"https:\/\/mouvementdj.com\/index.php?rest_route=\/wp\/v2\/users\/1"}],"replies":[{"embeddable":true,"href":"https:\/\/mouvementdj.com\/index.php?rest_route=%2Fwp%2Fv2%2Fcomments&post=8"}],"version-history":[{"count":8,"href":"https:\/\/mouvementdj.com\/index.php?rest_route=\/wp\/v2\/pages\/8\/revisions"}],"predecessor-version":[{"id":62,"href":"https:\/\/mouvementdj.com\/index.php?rest_route=\/wp\/v2\/pages\/8\/revisions\/62"}],"wp:featuredmedia":[{"embeddable":true,"href":"https:\/\/mouvementdj.com\/index.php?rest_route=\/wp\/v2\/media\/17"}],"wp:attachment":[{"href":"https:\/\/mouvementdj.com\/index.php?rest_route=%2Fwp%2Fv2%2Fmedia&parent=8"}],"curies":[{"name":"wp","href":"https:\/\/api.w.org\/{rel}","templated":true}]}}